{"id":1072,"date":"2020-11-09T14:01:45","date_gmt":"2020-11-09T14:01:45","guid":{"rendered":"https:\/\/yogivadanse.fr\/?page_id=1072"},"modified":"2020-11-17T23:35:18","modified_gmt":"2020-11-17T23:35:18","slug":"c-g-v","status":"publish","type":"page","link":"https:\/\/yogivadanse.fr\/?page_id=1072","title":{"rendered":"C.G.V"},"content":{"rendered":"\t\t<div data-elementor-type=\"wp-page\" data-elementor-id=\"1072\" class=\"elementor elementor-1072\">\n\t\t\t\t\t\t<div class=\"elementor-inner\">\n\t\t\t\t<div class=\"elementor-section-wrap\">\n\t\t\t\t\t\t\t\t\t<section class=\"elementor-section elementor-top-section elementor-element elementor-element-d8fd82e elementor-section-boxed elementor-section-height-default elementor-section-height-default\" data-id=\"d8fd82e\" data-element_type=\"section\">\n\t\t\t\t\t\t<div class=\"elementor-container elementor-column-gap-default\">\n\t\t\t\t\t\t\t<div class=\"elementor-row\">\n\t\t\t\t\t<div class=\"elementor-column elementor-col-100 elementor-top-column elementor-element elementor-element-90e2c31\" data-id=\"90e2c31\" data-element_type=\"column\">\n\t\t\t<div class=\"elementor-column-wrap elementor-element-populated\">\n\t\t\t\t\t\t\t<div class=\"elementor-widget-wrap\">\n\t\t\t\t\t\t<div class=\"elementor-element elementor-element-644c0a5 elementor-widget elementor-widget-spacer\" data-id=\"644c0a5\" data-element_type=\"widget\" data-widget_type=\"spacer.default\">\n\t\t\t\t<div class=\"elementor-widget-container\">\n\t\t\t\t\t<div class=\"elementor-spacer\">\n\t\t\t<div class=\"elementor-spacer-inner\"><\/div>\n\t\t<\/div>\n\t\t\t\t<\/div>\n\t\t\t\t<\/div>\n\t\t\t\t\t\t<\/div>\n\t\t\t\t\t<\/div>\n\t\t<\/div>\n\t\t\t\t\t\t\t\t<\/div>\n\t\t\t\t\t<\/div>\n\t\t<\/section>\n\t\t\t\t<section class=\"elementor-section elementor-top-section elementor-element elementor-element-ab1e34b elementor-section-boxed elementor-section-height-default elementor-section-height-default\" data-id=\"ab1e34b\" data-element_type=\"section\">\n\t\t\t\t\t\t<div class=\"elementor-container elementor-column-gap-default\">\n\t\t\t\t\t\t\t<div class=\"elementor-row\">\n\t\t\t\t\t<div class=\"elementor-column elementor-col-25 elementor-top-column elementor-element elementor-element-a8496ec\" data-id=\"a8496ec\" data-element_type=\"column\">\n\t\t\t<div class=\"elementor-column-wrap\">\n\t\t\t\t\t\t\t<div class=\"elementor-widget-wrap\">\n\t\t\t\t\t\t\t\t<\/div>\n\t\t\t\t\t<\/div>\n\t\t<\/div>\n\t\t\t\t<div class=\"elementor-column elementor-col-50 elementor-top-column elementor-element elementor-element-06eb3a0\" data-id=\"06eb3a0\" data-element_type=\"column\">\n\t\t\t<div class=\"elementor-column-wrap elementor-element-populated\">\n\t\t\t\t\t\t\t<div class=\"elementor-widget-wrap\">\n\t\t\t\t\t\t<div class=\"elementor-element elementor-element-baf727d elementor-widget elementor-widget-image\" data-id=\"baf727d\" data-element_type=\"widget\" data-widget_type=\"image.default\">\n\t\t\t\t<div class=\"elementor-widget-container\">\n\t\t\t\t\t\t\t\t<div class=\"elementor-image\">\n\t\t\t\t\t\t\t\t\t\t\t\t<img width=\"1024\" height=\"250\" src=\"https:\/\/yogivadanse.fr\/wp-content\/uploads\/2020\/11\/CGV.png\" class=\"attachment-large size-large wp-image-845\" alt=\"\" loading=\"lazy\" \/>\t\t\t\t\t\t\t\t\t\t\t\t\t\t<\/div>\n\t\t\t\t\t\t<\/div>\n\t\t\t\t<\/div>\n\t\t\t\t\t\t<\/div>\n\t\t\t\t\t<\/div>\n\t\t<\/div>\n\t\t\t\t<div class=\"elementor-column elementor-col-25 elementor-top-column elementor-element elementor-element-529f17f\" data-id=\"529f17f\" data-element_type=\"column\">\n\t\t\t<div class=\"elementor-column-wrap\">\n\t\t\t\t\t\t\t<div class=\"elementor-widget-wrap\">\n\t\t\t\t\t\t\t\t<\/div>\n\t\t\t\t\t<\/div>\n\t\t<\/div>\n\t\t\t\t\t\t\t\t<\/div>\n\t\t\t\t\t<\/div>\n\t\t<\/section>\n\t\t\t\t<section class=\"elementor-section elementor-top-section elementor-element elementor-element-504164d elementor-section-boxed elementor-section-height-default elementor-section-height-default\" data-id=\"504164d\" data-element_type=\"section\">\n\t\t\t\t\t\t<div class=\"elementor-container elementor-column-gap-default\">\n\t\t\t\t\t\t\t<div class=\"elementor-row\">\n\t\t\t\t\t<div class=\"elementor-column elementor-col-16 elementor-top-column elementor-element elementor-element-4f1d160\" data-id=\"4f1d160\" data-element_type=\"column\">\n\t\t\t<div class=\"elementor-column-wrap\">\n\t\t\t\t\t\t\t<div class=\"elementor-widget-wrap\">\n\t\t\t\t\t\t\t\t<\/div>\n\t\t\t\t\t<\/div>\n\t\t<\/div>\n\t\t\t\t<div class=\"elementor-column elementor-col-66 elementor-top-column elementor-element elementor-element-c85203a\" data-id=\"c85203a\" data-element_type=\"column\">\n\t\t\t<div class=\"elementor-column-wrap elementor-element-populated\">\n\t\t\t\t\t\t\t<div class=\"elementor-widget-wrap\">\n\t\t\t\t\t\t<div class=\"elementor-element elementor-element-a6461a2 elementor-widget elementor-widget-text-editor\" data-id=\"a6461a2\" data-element_type=\"widget\" data-widget_type=\"text-editor.default\">\n\t\t\t\t<div class=\"elementor-widget-container\">\n\t\t\t\t\t\t\t\t<div class=\"elementor-text-editor elementor-clearfix\">\n\t\t\t\t<div class=\"elementor-element elementor-element-6bc430b elementor-widget elementor-widget-heading\" data-id=\"6bc430b\" data-element_type=\"widget\" data-widget_type=\"heading.default\"><p class=\"elementor-widget-container\"><span style=\"font-size: 15px;\">Le Site permet aux utilisateurs de proc\u00e9der \u00e0 l\u2019achat de prestations propos\u00e9es par Yogivadanse (Eva Pr\u00e9cloux.<\/span><\/p><p class=\"elementor-widget-container\"><strong><span style=\"font-size: 16px;\">ARTICLE 1 &#8211; CHAMP D\u2019APPLICATION<\/span><\/strong><\/p><p class=\"elementor-widget-container\"><span style=\"font-size: 16px;\">Les pr\u00e9sentes Conditions G\u00e9n\u00e9rales de Vente et d\u2019Utilisation sont conclues entre d\u2019une part Eva Pr\u00e9cloux, et d\u2019autre part, toute personne physique ou morale proc\u00e9dant \u00e0 l\u2019achat de prestations sur le Site (ci-apr\u00e8s d\u00e9sign\u00e9e \u00ab Adh\u00e9rent \u00bb pour l\u2019achat d\u2019une prestation).<\/span><\/p><p class=\"elementor-widget-container\"><span style=\"font-size: 16px;\">Elles sont syst\u00e9matiquement adress\u00e9es ou remises \u00e0 chaque Adh\u00e9rent pour lui permettre de proc\u00e9der \u00e0 l\u2019achat de prestations propos\u00e9s par Yogivadanse (Eva Pr\u00e9cloux). En cons\u00e9quence, le fait de passer commande implique l\u2019acceptation enti\u00e8re et sans r\u00e9serve de l\u2019Adh\u00e9rent de ces Conditions, et ceci, quelles que soient les dispositions contraires pouvant figurer sur tout document \u00e9manant de l\u2019Adh\u00e9rent, y compris d\u2019\u00e9ventuelles conditions g\u00e9n\u00e9rales d\u2019achat.<\/span><\/p><p class=\"elementor-widget-container\"><span style=\"font-size: 16px;\">L\u2019Adh\u00e9rent reconna\u00eet avoir pris connaissance au moment de toute commande des pr\u00e9sentes Conditions G\u00e9n\u00e9rales de Vente et d\u2019Utilisation et d\u00e9clare express\u00e9ment les accepter sans r\u00e9serve. Yogivadanse (Eva Pr\u00e9cloux) se r\u00e9serve toutefois de pouvoir modifier ses Conditions G\u00e9n\u00e9rales de Vente et d\u2019Utilisation \u00e0 tout moment. Dans ce cas, les Conditions applicables seront celles en vigueur \u00e0 la date de la commande.<\/span><\/p><p class=\"elementor-widget-container\"><strong style=\"font-size: 16px;\">ARTICLE 2 &#8211; PRESTATIONS PROPOSEES<\/strong><\/p><div class=\"elementor-widget-container\"><div class=\"elementor-heading-title elementor-size-default\"><p>Les prestations propos\u00e9es sont celles qui sont pr\u00e9sent\u00e9es sur le Site. Elles comprennent notamment des cours de Yoga (particuliers, collectifs, en duo ou en entreprise),\u00a0 des cours de danses particuliers, des stages et autres prestations.\u00a0<\/p><p>Ces prestations sont propos\u00e9es sous la forme d\u2019une :<\/p><ul><li><p>Consommation \u00e0 la carte : cours \u00e0 l\u2019unit\u00e9; carte de 5 cours ou carte de 10 cours, valables dans les 3 mois qui suivent la date d&#8217;achat.\u00a0<\/p><\/li><li><p>Sessions priv\u00e9es \u00e0 destination d\u2019entreprises ou de particuliers<\/p><\/li><li><p>Privatisations sur mesure<\/p><\/li><\/ul><p>La r\u00e9servation des prestations peut \u00eatre effectu\u00e9e directement sur le Site.<\/p><p><strong>ARTICLE 3 \u2013 PRIX<\/strong><\/p><p>Les prix des prestations propos\u00e9es sur le Site sont des prix indiqu\u00e9s en euros et toutes taxes comprises.<\/p><p>Les prix des prestations sont ceux en vigueur au moment de l\u2019enregistrement de la commande par l\u2019Adh\u00e9rent.<\/p><p><strong>ARTICLE 4 \u2013 COMMANDES<\/strong><\/p><p><strong><em>4.1 Conditions communes \u00e0 toute commande<\/em><\/strong><\/p><p>La commande s&#8217;effectue directement sur le Site.\u00a0<\/p><p>L\u2019Adh\u00e9rent qui souhaite acheter une prestation doit obligatoirement :<\/p><ul><li><p>Remplir la fiche d\u2019identification sur laquelle il indiquera toutes les coordonn\u00e9es demand\u00e9es ou donner son num\u00e9ro d\u2019Adh\u00e9rent s\u2019il en a un ;<\/p><\/li><li><p>Remplir le bon de commande en ligne en donnant toutes les des prestations choisies ;<\/p><\/li><li><p>Valider sa commande apr\u00e8s l\u2019avoir v\u00e9rifi\u00e9e ;<\/p><\/li><li><p>Effectuer le paiement dans les conditions pr\u00e9vues ;<\/p><\/li><li><p>Confirmer sa commande et son r\u00e8glement.<\/p><\/li><\/ul><p>Toute commande vaut acceptation expresse et irr\u00e9vocable des prix des prestations, ainsi que des pr\u00e9sents termes et conditions. Yogivadanse (Eva Pr\u00e9cloux) confirme sa commande \u00e0 l\u2019Adh\u00e9rent par e-mail sous 48 heures (sauf commande pass\u00e9e les vendredis, samedis, dimanches et jours f\u00e9ri\u00e9s).<\/p><p>Yogivadanse (Eva Pr\u00e9cloux), pour toutes les \u00e9tapes d\u2019acc\u00e8s au Site, du processus de commande, de la livraison ou des services post\u00e9rieurs, qu\u2019une obligation de moyens.<\/p><p>Sa responsabilit\u00e9 ne saurait \u00eatre engag\u00e9e pour tous les inconv\u00e9nients ou dommages inh\u00e9rents \u00e0 l\u2019utilisation du r\u00e9seau Internet, notamment une rupture du service ou d\u00e9faillance de connexion au Site, une intrusion ext\u00e9rieure ou la pr\u00e9sence de virus informatiques, ou de tout fait qualifi\u00e9 de force majeure conform\u00e9ment \u00e0 la jurisprudence et \u00e0 la loi.<\/p><p><em><strong>4.2 Conditions particuli\u00e8res \u00e0 une commande de prestation<\/strong><\/em><\/p><p>L\u2019Adh\u00e9rent reconna\u00eet et accepte express\u00e9ment et irr\u00e9vocablement ce qui suit :<\/p><p>Attestation et Certificat M\u00e9dical : L\u2019Adh\u00e9rent reconna\u00eet avoir une parfaite connaissance de la nature des exercices physiques pratiqu\u00e9s dans le cadre des cours et s\u00e9ances qu\u2019il a command\u00e9s aupr\u00e8s du Yogivadanse (Eva Pr\u00e9cloux), et certifie sur l\u2019honneur que sa constitution physique et son \u00e9tat de sant\u00e9 lui permettent de pratiquer le sport en g\u00e9n\u00e9ral, et plus particuli\u00e8rement de pratiquer les activit\u00e9s command\u00e9es aupr\u00e8s de Yogivadanse (Eva Pr\u00e9cloux). L\u2019Adh\u00e9rent d\u00e9charge Yogivadanse (Eva Pr\u00e9cloux), ses dirigeants et ses membres de toutes r\u00e9clamations et action judiciaires relatives \u00e0 des blessures ou dommages occasionn\u00e9es \u00e0 sa personne et caus\u00e9s de quelque mani\u00e8re que ce soit d\u00e9coulant ou en raison de l\u2019activit\u00e9 exerc\u00e9e. L\u2019Adh\u00e9rent consent \u00e0 assumer tous les risques et toutes les cons\u00e9quences li\u00e9es \u00e0 l\u2019activit\u00e9 exerc\u00e9e avec\u00a0 Yogivadanse (Eva Pr\u00e9cloux).<\/p><p>En tout \u00e9tat de cause, l\u2019Adh\u00e9rent s\u2019engage \u00e0 renseigner le Yogivadane (Eva Pr\u00e9cloux) sur ses ant\u00e9c\u00e9dents m\u00e9dicaux et \u00e0 lui remettre\u00a0 un certificat m\u00e9dical de moins de trois mois lorsque les professeurs l\u2019exigent. Si le certificat m\u00e9dical indique que l\u2019Adh\u00e9rent n\u2019est pas apte \u00e0 pratiquer l\u2019activit\u00e9 command\u00e9e, Yogivadanse (Eva Pr\u00e9cloux) est en droit de r\u00e9silier sans pr\u00e9avis ni indemnit\u00e9 la relation contractuelle avec l\u2019Adh\u00e9rent concern\u00e9, qui sera rembours\u00e9 de tout ou partie des prestations command\u00e9es en fonction des prestations d\u00e9j\u00e0 ex\u00e9cut\u00e9es.<\/p><p>Annulation d\u2019une r\u00e9servation par l\u2019Adh\u00e9rent :\u00a0Toute r\u00e9servation d\u2019une s\u00e9ance ou d\u2019un cours particulier ou collectif peut \u00eatre annul\u00e9e par l\u2019Adh\u00e9rent jusqu\u2019\u00e0 24 heures avant l\u2019heure du cours ou de la s\u00e9ance par t\u00e9l\u00e9phone. Les Unit\u00e9s de cours correspondantes pourront \u00eatre r\u00e9utilis\u00e9es jusqu\u2019\u00e0 la date d\u2019expiration du carnet. L\u2019annulation d\u2019une r\u00e9servation hors d\u00e9lais ne pourra en tout \u00e9tat de cause donner lieu \u00e0 aucun remboursement.<\/p><p>Annulation d\u2019une r\u00e9servation par Yogivadanse (Eva Pr\u00e9cloux) : Toute r\u00e9servation d\u2019une s\u00e9ance ou d\u2019un cours particulier ou collectif peut \u00eatre annul\u00e9e par Yogivadanse (Eva Pr\u00e9cloux) jusqu\u2019\u00e0 12 heures avant l\u2019heure du cours ou de la s\u00e9ance par t\u00e9l\u00e9phone ou par email adress\u00e9 \u00e0 l\u2019Adh\u00e9rent. Les Unit\u00e9s de cours correspondantes pourront \u00eatre r\u00e9utilis\u00e9es jusqu\u2019\u00e0 la date d\u2019expiration du carnet. L\u2019annulation d\u2019une r\u00e9servation hors d\u00e9lais ne pourra en tout \u00e9tat de cause donner lieu \u00e0 aucun remboursement.<\/p><p><strong>ARTICLE 5 &#8211; PAIEMENT<\/strong><\/p><p>Les prestations propos\u00e9es sur le Site sont payables \u00e0 la commande.<\/p><p><em><strong>5.1 Modalit\u00e9s de paiement<\/strong><\/em><\/p><p>Le r\u00e8glement des achats de l\u2019Adh\u00e9rent s\u2019effectue uniquement par carte bancaire : sont accept\u00e9es les cartes du r\u00e9seau \u00ab CB \u00bb, Visa, Eurocard\/Mastercard et American Express.<\/p><p><em><strong>5.2 D\u00e9faut de Paiement<\/strong><\/em><\/p><p>Yogivadanse (Eva Pr\u00e9cloux) se r\u00e9serve le droit de refuser d&#8217;honorer une commande de prestations \u00e9manant d\u2019un Adh\u00e9rent qui n&#8217;aurait pas r\u00e9gl\u00e9 totalement une commande pr\u00e9c\u00e9dente ou avec lequel un litige de paiement serait en cours. Yogivadanse (Eva Pr\u00e9cloux) se r\u00e9serve le droit de suspendre ou d\u2019annuler toute commande, quelle que soit leur nature et niveau d\u2019ex\u00e9cution en cas de non- paiement de toute somme qui serait due par le Client, ou en cas d\u2019incident de paiement.<\/p><p>\u00a0<\/p><p><strong>ARTICLE 6 &#8211; DROIT DE RETRACTATION ET RETOUR<\/strong><\/p><p>L\u2019Adh\u00e9rent b\u00e9n\u00e9ficie d\u2019un d\u00e9lai de quatorze (14) jours francs pour demander l\u2019\u00e9change ou le remboursement des prestations command\u00e9s sans p\u00e9nalit\u00e9s. Ce d\u00e9lai court \u00e0 compter de la confirmation de la commande si l\u2019Adh\u00e9rent a command\u00e9 une prestation.<\/p><p>S\u2019agissant d\u2019une prestation, l\u2019Adh\u00e9rent doit adresser une lettre RAR en indiquant de fa\u00e7on non-\u00e9quivoque son intention de se r\u00e9tracter et pr\u00e9ciser s\u2019il souhaite un remboursement ou un \u00e9change.<\/p><p>Conform\u00e9ment aux dispositions du Code de la consommation, le droit de r\u00e9tractation ne peut \u00eatre exerc\u00e9 pour une prestation dont l&#8217;ex\u00e9cution a commenc\u00e9.<\/p><p>Toute lettre ou colis adress\u00e9 \u00e0 Yogivadanse (Eva Pr\u00e9cloux) en application du droit de r\u00e9traction de l\u2019Adh\u00e9rent doit l\u2019\u00eatre \u00e0 l\u2019adresse suivante : 142 Avenue sadi carnot &#8211; 83130 &#8211; La Garde.<\/p><p>Toute commande retourn\u00e9e \u00e0 une autre adresse que celle-ci sera refus\u00e9e sans suspension du d\u00e9lai de r\u00e9tractation.<\/p><p>Le remboursement des produits apr\u00e8s retour s&#8217;effectuera dans les meilleurs d\u00e9lais et au plus tard dans les quatorze (14) jours francs suivants la r\u00e9ception de la lettre ou du colis.<\/p><p>Tout d\u00e9lai expirant un samedi, dimanche ou un jour f\u00e9ri\u00e9 sera prorog\u00e9 jusqu\u2019au prochain jour ouvrable.<\/p><p>Ce droit de r\u00e9traction concerne uniquement les prestations achet\u00e9es sur le Site.<\/p><\/div><\/div><\/div>\t\t\t\t\t<\/div>\n\t\t\t\t\t\t<\/div>\n\t\t\t\t<\/div>\n\t\t\t\t\t\t<\/div>\n\t\t\t\t\t<\/div>\n\t\t<\/div>\n\t\t\t\t<div class=\"elementor-column elementor-col-16 elementor-top-column elementor-element elementor-element-eec1e2d\" data-id=\"eec1e2d\" data-element_type=\"column\">\n\t\t\t<div class=\"elementor-column-wrap\">\n\t\t\t\t\t\t\t<div class=\"elementor-widget-wrap\">\n\t\t\t\t\t\t\t\t<\/div>\n\t\t\t\t\t<\/div>\n\t\t<\/div>\n\t\t\t\t\t\t\t\t<\/div>\n\t\t\t\t\t<\/div>\n\t\t<\/section>\n\t\t\t\t\t\t\t\t\t<\/div>\n\t\t\t<\/div>\n\t\t\t\t\t<\/div>\n\t\t","protected":false},"excerpt":{"rendered":"<p>Le Site permet aux utilisateurs de proc\u00e9der \u00e0 l\u2019achat de prestations propos\u00e9es par Yogivadanse (Eva Pr\u00e9cloux. ARTICLE 1 &#8211; CHAMP D\u2019APPLICATION Les pr\u00e9sentes Conditions G\u00e9n\u00e9rales de Vente et d\u2019Utilisation sont &hellip;<\/p>\n<p class=\"read-more\"> <a class=\"\" href=\"https:\/\/yogivadanse.fr\/?page_id=1072\"> <span class=\"screen-reader-text\">C.G.V<\/span> Lire la suite\u00a0\u00bb<\/a><\/p>\n","protected":false},"author":1,"featured_media":0,"parent":0,"menu_order":0,"comment_status":"closed","ping_status":"closed","template":"","meta":{"_uag_custom_page_level_css":"","spay_email":""},"uagb_featured_image_src":{"full":false,"thumbnail":false,"medium":false,"medium_large":false,"large":false,"1536x1536":false,"2048x2048":false},"uagb_author_info":{"display_name":"Eva Pr\u00e9cloux","author_link":"https:\/\/yogivadanse.fr\/?author=1"},"uagb_comment_info":0,"uagb_excerpt":"Le Site permet aux utilisateurs de proc\u00e9der \u00e0 l\u2019achat de prestations propos\u00e9es par Yogivadanse (Eva Pr\u00e9cloux. ARTICLE 1 &#8211; CHAMP D\u2019APPLICATION Les pr\u00e9sentes Conditions G\u00e9n\u00e9rales de Vente et d\u2019Utilisation sont &hellip; C.G.V Lire la suite\u00a0\u00bb","yoast_head":"<!-- This site is optimized with the Yoast SEO plugin v15.8 - https:\/\/yoast.com\/wordpress\/plugins\/seo\/ -->\n<title>CONDITIONS G\u00c9N\u00c9RALES DE VENTE - YOGIVADANSE<\/title>\n<meta name=\"description\" content=\"Consultez l&#039;int\u00e9gralit\u00e9 des conditions g\u00e9n\u00e9rales de vente du site Yogivadanse\" \/>\n<meta name=\"robots\" content=\"index, follow, max-snippet:-1, max-image-preview:large, max-video-preview:-1\" \/>\n<link rel=\"canonical\" href=\"https:\/\/yogivadanse.fr\/?page_id=1072\" \/>\n<meta property=\"og:locale\" content=\"fr_FR\" \/>\n<meta property=\"og:type\" content=\"article\" \/>\n<meta property=\"og:title\" content=\"CONDITIONS G\u00c9N\u00c9RALES DE VENTE - YOGIVADANSE\" \/>\n<meta property=\"og:description\" content=\"Consultez l&#039;int\u00e9gralit\u00e9 des conditions g\u00e9n\u00e9rales de vente du site Yogivadanse\" \/>\n<meta property=\"og:url\" content=\"https:\/\/yogivadanse.fr\/?page_id=1072\" \/>\n<meta property=\"og:site_name\" content=\"YOGIVADANSE\" \/>\n<meta property=\"article:publisher\" content=\"https:\/\/www.facebook.com\/yogivadanse\" \/>\n<meta property=\"article:modified_time\" content=\"2020-11-17T23:35:18+00:00\" \/>\n<meta property=\"og:image\" content=\"https:\/\/yogivadanse.fr\/wp-content\/uploads\/2020\/11\/CGV.png\" \/>\n<meta name=\"twitter:card\" content=\"summary_large_image\" \/>\n<meta name=\"twitter:label1\" content=\"Dur\u00e9e de lecture est.\">\n\t<meta name=\"twitter:data1\" content=\"7 minutes\">\n<script type=\"application\/ld+json\" class=\"yoast-schema-graph\">{\"@context\":\"https:\/\/schema.org\",\"@graph\":[{\"@type\":\"Organization\",\"@id\":\"https:\/\/yogivadanse.fr\/#organization\",\"name\":\"Yogivadanse\",\"url\":\"https:\/\/yogivadanse.fr\/\",\"sameAs\":[\"https:\/\/www.facebook.com\/yogivadanse\",\"https:\/\/www.instagram.com\/yogivadanse\/?hl=fr\"],\"logo\":{\"@type\":\"ImageObject\",\"@id\":\"https:\/\/yogivadanse.fr\/#logo\",\"inLanguage\":\"fr-FR\",\"url\":\"https:\/\/yogivadanse.fr\/wp-content\/uploads\/2020\/11\/logo.png\",\"width\":1080,\"height\":1080,\"caption\":\"Yogivadanse\"},\"image\":{\"@id\":\"https:\/\/yogivadanse.fr\/#logo\"}},{\"@type\":\"WebSite\",\"@id\":\"https:\/\/yogivadanse.fr\/#website\",\"url\":\"https:\/\/yogivadanse.fr\/\",\"name\":\"YOGIVADANSE\",\"description\":\"\",\"publisher\":{\"@id\":\"https:\/\/yogivadanse.fr\/#organization\"},\"potentialAction\":[{\"@type\":\"SearchAction\",\"target\":\"https:\/\/yogivadanse.fr\/?s={search_term_string}\",\"query-input\":\"required name=search_term_string\"}],\"inLanguage\":\"fr-FR\"},{\"@type\":\"ImageObject\",\"@id\":\"https:\/\/yogivadanse.fr\/?page_id=1072#primaryimage\",\"inLanguage\":\"fr-FR\",\"url\":\"https:\/\/yogivadanse.fr\/wp-content\/uploads\/2020\/11\/CGV.png\",\"width\":1024,\"height\":250},{\"@type\":\"WebPage\",\"@id\":\"https:\/\/yogivadanse.fr\/?page_id=1072#webpage\",\"url\":\"https:\/\/yogivadanse.fr\/?page_id=1072\",\"name\":\"CONDITIONS G\\u00c9N\\u00c9RALES DE VENTE - YOGIVADANSE\",\"isPartOf\":{\"@id\":\"https:\/\/yogivadanse.fr\/#website\"},\"primaryImageOfPage\":{\"@id\":\"https:\/\/yogivadanse.fr\/?page_id=1072#primaryimage\"},\"datePublished\":\"2020-11-09T14:01:45+00:00\",\"dateModified\":\"2020-11-17T23:35:18+00:00\",\"description\":\"Consultez l'int\\u00e9gralit\\u00e9 des conditions g\\u00e9n\\u00e9rales de vente du site Yogivadanse\",\"breadcrumb\":{\"@id\":\"https:\/\/yogivadanse.fr\/?page_id=1072#breadcrumb\"},\"inLanguage\":\"fr-FR\",\"potentialAction\":[{\"@type\":\"ReadAction\",\"target\":[\"https:\/\/yogivadanse.fr\/?page_id=1072\"]}]},{\"@type\":\"BreadcrumbList\",\"@id\":\"https:\/\/yogivadanse.fr\/?page_id=1072#breadcrumb\",\"itemListElement\":[{\"@type\":\"ListItem\",\"position\":1,\"item\":{\"@type\":\"WebPage\",\"@id\":\"https:\/\/yogivadanse.fr\/\",\"url\":\"https:\/\/yogivadanse.fr\/\",\"name\":\"Accueil\"}},{\"@type\":\"ListItem\",\"position\":2,\"item\":{\"@type\":\"WebPage\",\"@id\":\"https:\/\/yogivadanse.fr\/?page_id=1072\",\"url\":\"https:\/\/yogivadanse.fr\/?page_id=1072\",\"name\":\"C.G.V\"}}]}]}<\/script>\n<!-- \/ Yoast SEO plugin. -->","_links":{"self":[{"href":"https:\/\/yogivadanse.fr\/index.php?rest_route=\/wp\/v2\/pages\/1072"}],"collection":[{"href":"https:\/\/yogivadanse.fr\/index.php?rest_route=\/wp\/v2\/pages"}],"about":[{"href":"https:\/\/yogivadanse.fr\/index.php?rest_route=\/wp\/v2\/types\/page"}],"author":[{"embeddable":true,"href":"https:\/\/yogivadanse.fr\/index.php?rest_route=\/wp\/v2\/users\/1"}],"replies":[{"embeddable":true,"href":"https:\/\/yogivadanse.fr\/index.php?rest_route=%2Fwp%2Fv2%2Fcomments&post=1072"}],"version-history":[{"count":4,"href":"https:\/\/yogivadanse.fr\/index.php?rest_route=\/wp\/v2\/pages\/1072\/revisions"}],"predecessor-version":[{"id":1437,"href":"https:\/\/yogivadanse.fr\/index.php?rest_route=\/wp\/v2\/pages\/1072\/revisions\/1437"}],"wp:attachment":[{"href":"https:\/\/yogivadanse.fr\/index.php?rest_route=%2Fwp%2Fv2%2Fmedia&parent=1072"}],"curies":[{"name":"wp","href":"https:\/\/api.w.org\/{rel}","templated":true}]}}