{"id":843,"date":"2020-11-05T13:23:32","date_gmt":"2020-11-05T13:23:32","guid":{"rendered":"https:\/\/yogivadanse.fr\/?page_id=843"},"modified":"2020-11-09T14:19:01","modified_gmt":"2020-11-09T14:19:01","slug":"politique-de-confidentialite","status":"publish","type":"page","link":"https:\/\/yogivadanse.fr\/?page_id=843","title":{"rendered":"Politique de confidentialit\u00e9"},"content":{"rendered":"\t\t<div data-elementor-type=\"wp-page\" data-elementor-id=\"843\" class=\"elementor elementor-843\">\n\t\t\t\t\t\t<div class=\"elementor-inner\">\n\t\t\t\t<div class=\"elementor-section-wrap\">\n\t\t\t\t\t\t\t\t\t<section class=\"elementor-section elementor-top-section elementor-element elementor-element-d8fd82e elementor-section-boxed elementor-section-height-default elementor-section-height-default\" data-id=\"d8fd82e\" data-element_type=\"section\">\n\t\t\t\t\t\t<div class=\"elementor-container elementor-column-gap-default\">\n\t\t\t\t\t\t\t<div class=\"elementor-row\">\n\t\t\t\t\t<div class=\"elementor-column elementor-col-100 elementor-top-column elementor-element elementor-element-90e2c31\" data-id=\"90e2c31\" data-element_type=\"column\">\n\t\t\t<div class=\"elementor-column-wrap elementor-element-populated\">\n\t\t\t\t\t\t\t<div class=\"elementor-widget-wrap\">\n\t\t\t\t\t\t<div class=\"elementor-element elementor-element-644c0a5 elementor-widget elementor-widget-spacer\" data-id=\"644c0a5\" data-element_type=\"widget\" data-widget_type=\"spacer.default\">\n\t\t\t\t<div class=\"elementor-widget-container\">\n\t\t\t\t\t<div class=\"elementor-spacer\">\n\t\t\t<div class=\"elementor-spacer-inner\"><\/div>\n\t\t<\/div>\n\t\t\t\t<\/div>\n\t\t\t\t<\/div>\n\t\t\t\t\t\t<\/div>\n\t\t\t\t\t<\/div>\n\t\t<\/div>\n\t\t\t\t\t\t\t\t<\/div>\n\t\t\t\t\t<\/div>\n\t\t<\/section>\n\t\t\t\t<section class=\"elementor-section elementor-top-section elementor-element elementor-element-ab1e34b elementor-section-boxed elementor-section-height-default elementor-section-height-default\" data-id=\"ab1e34b\" data-element_type=\"section\">\n\t\t\t\t\t\t<div class=\"elementor-container elementor-column-gap-default\">\n\t\t\t\t\t\t\t<div class=\"elementor-row\">\n\t\t\t\t\t<div class=\"elementor-column elementor-col-25 elementor-top-column elementor-element elementor-element-a8496ec\" data-id=\"a8496ec\" data-element_type=\"column\">\n\t\t\t<div class=\"elementor-column-wrap\">\n\t\t\t\t\t\t\t<div class=\"elementor-widget-wrap\">\n\t\t\t\t\t\t\t\t<\/div>\n\t\t\t\t\t<\/div>\n\t\t<\/div>\n\t\t\t\t<div class=\"elementor-column elementor-col-50 elementor-top-column elementor-element elementor-element-06eb3a0\" data-id=\"06eb3a0\" data-element_type=\"column\">\n\t\t\t<div class=\"elementor-column-wrap elementor-element-populated\">\n\t\t\t\t\t\t\t<div class=\"elementor-widget-wrap\">\n\t\t\t\t\t\t<div class=\"elementor-element elementor-element-baf727d elementor-widget elementor-widget-image\" data-id=\"baf727d\" data-element_type=\"widget\" data-widget_type=\"image.default\">\n\t\t\t\t<div class=\"elementor-widget-container\">\n\t\t\t\t\t\t\t\t<div class=\"elementor-image\">\n\t\t\t\t\t\t\t\t\t\t\t\t<img width=\"1024\" height=\"250\" src=\"https:\/\/yogivadanse.fr\/wp-content\/uploads\/2020\/11\/PDC.png\" class=\"attachment-large size-large wp-image-1077\" alt=\"\" loading=\"lazy\" \/>\t\t\t\t\t\t\t\t\t\t\t\t\t\t<\/div>\n\t\t\t\t\t\t<\/div>\n\t\t\t\t<\/div>\n\t\t\t\t\t\t<\/div>\n\t\t\t\t\t<\/div>\n\t\t<\/div>\n\t\t\t\t<div class=\"elementor-column elementor-col-25 elementor-top-column elementor-element elementor-element-529f17f\" data-id=\"529f17f\" data-element_type=\"column\">\n\t\t\t<div class=\"elementor-column-wrap\">\n\t\t\t\t\t\t\t<div class=\"elementor-widget-wrap\">\n\t\t\t\t\t\t\t\t<\/div>\n\t\t\t\t\t<\/div>\n\t\t<\/div>\n\t\t\t\t\t\t\t\t<\/div>\n\t\t\t\t\t<\/div>\n\t\t<\/section>\n\t\t\t\t<section class=\"elementor-section elementor-top-section elementor-element elementor-element-1f385ad elementor-section-boxed elementor-section-height-default elementor-section-height-default\" data-id=\"1f385ad\" data-element_type=\"section\">\n\t\t\t\t\t\t<div class=\"elementor-container elementor-column-gap-default\">\n\t\t\t\t\t\t\t<div class=\"elementor-row\">\n\t\t\t\t\t<div class=\"elementor-column elementor-col-100 elementor-top-column elementor-element elementor-element-fc31baa\" data-id=\"fc31baa\" data-element_type=\"column\">\n\t\t\t<div class=\"elementor-column-wrap elementor-element-populated\">\n\t\t\t\t\t\t\t<div class=\"elementor-widget-wrap\">\n\t\t\t\t\t\t<div class=\"elementor-element elementor-element-b976921 elementor-widget elementor-widget-spacer\" data-id=\"b976921\" data-element_type=\"widget\" data-widget_type=\"spacer.default\">\n\t\t\t\t<div class=\"elementor-widget-container\">\n\t\t\t\t\t<div class=\"elementor-spacer\">\n\t\t\t<div class=\"elementor-spacer-inner\"><\/div>\n\t\t<\/div>\n\t\t\t\t<\/div>\n\t\t\t\t<\/div>\n\t\t\t\t\t\t<\/div>\n\t\t\t\t\t<\/div>\n\t\t<\/div>\n\t\t\t\t\t\t\t\t<\/div>\n\t\t\t\t\t<\/div>\n\t\t<\/section>\n\t\t\t\t<section class=\"elementor-section elementor-top-section elementor-element elementor-element-504164d elementor-section-boxed elementor-section-height-default elementor-section-height-default\" data-id=\"504164d\" data-element_type=\"section\">\n\t\t\t\t\t\t<div class=\"elementor-container elementor-column-gap-default\">\n\t\t\t\t\t\t\t<div class=\"elementor-row\">\n\t\t\t\t\t<div class=\"elementor-column elementor-col-16 elementor-top-column elementor-element elementor-element-4f1d160\" data-id=\"4f1d160\" data-element_type=\"column\">\n\t\t\t<div class=\"elementor-column-wrap\">\n\t\t\t\t\t\t\t<div class=\"elementor-widget-wrap\">\n\t\t\t\t\t\t\t\t<\/div>\n\t\t\t\t\t<\/div>\n\t\t<\/div>\n\t\t\t\t<div class=\"elementor-column elementor-col-66 elementor-top-column elementor-element elementor-element-c85203a\" data-id=\"c85203a\" data-element_type=\"column\">\n\t\t\t<div class=\"elementor-column-wrap elementor-element-populated\">\n\t\t\t\t\t\t\t<div class=\"elementor-widget-wrap\">\n\t\t\t\t\t\t<div class=\"elementor-element elementor-element-a6461a2 elementor-widget elementor-widget-text-editor\" data-id=\"a6461a2\" data-element_type=\"widget\" data-widget_type=\"text-editor.default\">\n\t\t\t\t<div class=\"elementor-widget-container\">\n\t\t\t\t\t\t\t\t<div class=\"elementor-text-editor elementor-clearfix\">\n\t\t\t\t<p>Yogivadanse ne collecte vos donn\u00e9es personnelles qu\u2019afin de r\u00e9pondre \u00e0 vos demandes. A cet effet, vos donn\u00e9es personnelles peuvent \u00eatre partag\u00e9es en interne.<\/p><p>Celles-ci ne feront en revanche l\u2019objet d\u2019aucun autre traitement, processus de d\u00e9cision automatis\u00e9, ou transfert ext\u00e9rieur \u00e0 Yogivadanse, pour tout autre usage, sans consentement pr\u00e9alable \u00e9crit de votre part.<\/p><p>En conformit\u00e9 avec la Loi informatique et libert\u00e9s, vous avez un droit d\u2019acc\u00e8s \u00e0 l\u2019ensemble de vos donn\u00e9es personnelles collect\u00e9es et disposez d\u2019un droit de rectification de celles-ci en cas d\u2019inexactitude, ou de compl\u00e9ment, dans les meilleurs d\u00e9lais.<\/p>\t\t\t\t\t<\/div>\n\t\t\t\t\t\t<\/div>\n\t\t\t\t<\/div>\n\t\t\t\t\t\t<\/div>\n\t\t\t\t\t<\/div>\n\t\t<\/div>\n\t\t\t\t<div class=\"elementor-column elementor-col-16 elementor-top-column elementor-element elementor-element-eec1e2d\" data-id=\"eec1e2d\" data-element_type=\"column\">\n\t\t\t<div class=\"elementor-column-wrap\">\n\t\t\t\t\t\t\t<div class=\"elementor-widget-wrap\">\n\t\t\t\t\t\t\t\t<\/div>\n\t\t\t\t\t<\/div>\n\t\t<\/div>\n\t\t\t\t\t\t\t\t<\/div>\n\t\t\t\t\t<\/div>\n\t\t<\/section>\n\t\t\t\t\t\t\t\t\t<\/div>\n\t\t\t<\/div>\n\t\t\t\t\t<\/div>\n\t\t","protected":false},"excerpt":{"rendered":"<p>Yogivadanse ne collecte vos donn\u00e9es personnelles qu\u2019afin de r\u00e9pondre \u00e0 vos demandes. A cet effet, vos donn\u00e9es personnelles peuvent \u00eatre partag\u00e9es en interne. Celles-ci ne feront en revanche l\u2019objet d\u2019aucun &hellip;<\/p>\n<p class=\"read-more\"> <a class=\"\" href=\"https:\/\/yogivadanse.fr\/?page_id=843\"> <span class=\"screen-reader-text\">Politique de confidentialit\u00e9<\/span> Lire la suite\u00a0\u00bb<\/a><\/p>\n","protected":false},"author":1,"featured_media":0,"parent":0,"menu_order":0,"comment_status":"closed","ping_status":"closed","template":"","meta":{"_uag_custom_page_level_css":"","spay_email":""},"uagb_featured_image_src":{"full":false,"thumbnail":false,"medium":false,"medium_large":false,"large":false,"1536x1536":false,"2048x2048":false},"uagb_author_info":{"display_name":"Eva Pr\u00e9cloux","author_link":"https:\/\/yogivadanse.fr\/?author=1"},"uagb_comment_info":0,"uagb_excerpt":"Yogivadanse ne collecte vos donn\u00e9es personnelles qu\u2019afin de r\u00e9pondre \u00e0 vos demandes. A cet effet, vos donn\u00e9es personnelles peuvent \u00eatre partag\u00e9es en interne. Celles-ci ne feront en revanche l\u2019objet d\u2019aucun &hellip; Politique de confidentialit\u00e9 Lire la suite\u00a0\u00bb","yoast_head":"<!-- This site is optimized with the Yoast SEO plugin v15.8 - https:\/\/yoast.com\/wordpress\/plugins\/seo\/ -->\n<title>Politique de confidentialit\u00e9 - YOGIVADANSE<\/title>\n<meta name=\"robots\" content=\"index, follow, max-snippet:-1, max-image-preview:large, max-video-preview:-1\" \/>\n<link rel=\"canonical\" href=\"https:\/\/yogivadanse.fr\/?page_id=843\" \/>\n<meta property=\"og:locale\" content=\"fr_FR\" \/>\n<meta property=\"og:type\" content=\"article\" \/>\n<meta property=\"og:title\" content=\"Politique de confidentialit\u00e9 - YOGIVADANSE\" \/>\n<meta property=\"og:description\" content=\"Yogivadanse ne collecte vos donn\u00e9es personnelles qu\u2019afin de r\u00e9pondre \u00e0 vos demandes. A cet effet, vos donn\u00e9es personnelles peuvent \u00eatre partag\u00e9es en interne. Celles-ci ne feront en revanche l\u2019objet d\u2019aucun &hellip; Politique de confidentialit\u00e9 Lire la suite\u00a0\u00bb\" \/>\n<meta property=\"og:url\" content=\"https:\/\/yogivadanse.fr\/?page_id=843\" \/>\n<meta property=\"og:site_name\" content=\"YOGIVADANSE\" \/>\n<meta property=\"article:publisher\" content=\"https:\/\/www.facebook.com\/yogivadanse\" \/>\n<meta property=\"article:modified_time\" content=\"2020-11-09T14:19:01+00:00\" \/>\n<meta property=\"og:image\" content=\"https:\/\/yogivadanse.fr\/wp-content\/uploads\/2020\/11\/PDC.png\" \/>\n<meta name=\"twitter:card\" content=\"summary_large_image\" \/>\n<meta name=\"twitter:label1\" content=\"Dur\u00e9e de lecture est.\">\n\t<meta name=\"twitter:data1\" content=\"1 minute\">\n<script type=\"application\/ld+json\" class=\"yoast-schema-graph\">{\"@context\":\"https:\/\/schema.org\",\"@graph\":[{\"@type\":\"Organization\",\"@id\":\"https:\/\/yogivadanse.fr\/#organization\",\"name\":\"Yogivadanse\",\"url\":\"https:\/\/yogivadanse.fr\/\",\"sameAs\":[\"https:\/\/www.facebook.com\/yogivadanse\",\"https:\/\/www.instagram.com\/yogivadanse\/?hl=fr\"],\"logo\":{\"@type\":\"ImageObject\",\"@id\":\"https:\/\/yogivadanse.fr\/#logo\",\"inLanguage\":\"fr-FR\",\"url\":\"https:\/\/yogivadanse.fr\/wp-content\/uploads\/2020\/11\/logo.png\",\"width\":1080,\"height\":1080,\"caption\":\"Yogivadanse\"},\"image\":{\"@id\":\"https:\/\/yogivadanse.fr\/#logo\"}},{\"@type\":\"WebSite\",\"@id\":\"https:\/\/yogivadanse.fr\/#website\",\"url\":\"https:\/\/yogivadanse.fr\/\",\"name\":\"YOGIVADANSE\",\"description\":\"\",\"publisher\":{\"@id\":\"https:\/\/yogivadanse.fr\/#organization\"},\"potentialAction\":[{\"@type\":\"SearchAction\",\"target\":\"https:\/\/yogivadanse.fr\/?s={search_term_string}\",\"query-input\":\"required name=search_term_string\"}],\"inLanguage\":\"fr-FR\"},{\"@type\":\"ImageObject\",\"@id\":\"https:\/\/yogivadanse.fr\/?page_id=843#primaryimage\",\"inLanguage\":\"fr-FR\",\"url\":\"https:\/\/yogivadanse.fr\/wp-content\/uploads\/2020\/11\/PDC.png\",\"width\":1024,\"height\":250},{\"@type\":\"WebPage\",\"@id\":\"https:\/\/yogivadanse.fr\/?page_id=843#webpage\",\"url\":\"https:\/\/yogivadanse.fr\/?page_id=843\",\"name\":\"Politique de confidentialit\\u00e9 - YOGIVADANSE\",\"isPartOf\":{\"@id\":\"https:\/\/yogivadanse.fr\/#website\"},\"primaryImageOfPage\":{\"@id\":\"https:\/\/yogivadanse.fr\/?page_id=843#primaryimage\"},\"datePublished\":\"2020-11-05T13:23:32+00:00\",\"dateModified\":\"2020-11-09T14:19:01+00:00\",\"breadcrumb\":{\"@id\":\"https:\/\/yogivadanse.fr\/?page_id=843#breadcrumb\"},\"inLanguage\":\"fr-FR\",\"potentialAction\":[{\"@type\":\"ReadAction\",\"target\":[\"https:\/\/yogivadanse.fr\/?page_id=843\"]}]},{\"@type\":\"BreadcrumbList\",\"@id\":\"https:\/\/yogivadanse.fr\/?page_id=843#breadcrumb\",\"itemListElement\":[{\"@type\":\"ListItem\",\"position\":1,\"item\":{\"@type\":\"WebPage\",\"@id\":\"https:\/\/yogivadanse.fr\/\",\"url\":\"https:\/\/yogivadanse.fr\/\",\"name\":\"Accueil\"}},{\"@type\":\"ListItem\",\"position\":2,\"item\":{\"@type\":\"WebPage\",\"@id\":\"https:\/\/yogivadanse.fr\/?page_id=843\",\"url\":\"https:\/\/yogivadanse.fr\/?page_id=843\",\"name\":\"Politique de confidentialit\\u00e9\"}}]}]}<\/script>\n<!-- \/ Yoast SEO plugin. -->","_links":{"self":[{"href":"https:\/\/yogivadanse.fr\/index.php?rest_route=\/wp\/v2\/pages\/843"}],"collection":[{"href":"https:\/\/yogivadanse.fr\/index.php?rest_route=\/wp\/v2\/pages"}],"about":[{"href":"https:\/\/yogivadanse.fr\/index.php?rest_route=\/wp\/v2\/types\/page"}],"author":[{"embeddable":true,"href":"https:\/\/yogivadanse.fr\/index.php?rest_route=\/wp\/v2\/users\/1"}],"replies":[{"embeddable":true,"href":"https:\/\/yogivadanse.fr\/index.php?rest_route=%2Fwp%2Fv2%2Fcomments&post=843"}],"version-history":[{"count":15,"href":"https:\/\/yogivadanse.fr\/index.php?rest_route=\/wp\/v2\/pages\/843\/revisions"}],"predecessor-version":[{"id":1080,"href":"https:\/\/yogivadanse.fr\/index.php?rest_route=\/wp\/v2\/pages\/843\/revisions\/1080"}],"wp:attachment":[{"href":"https:\/\/yogivadanse.fr\/index.php?rest_route=%2Fwp%2Fv2%2Fmedia&parent=843"}],"curies":[{"name":"wp","href":"https:\/\/api.w.org\/{rel}","templated":true}]}}